{"id":2,"date":"2016-05-10T03:48:21","date_gmt":"2016-05-10T03:48:21","guid":{"rendered":"https:\/\/www.sixfingerjack.com\/?page_id=2"},"modified":"2023-09-15T10:46:41","modified_gmt":"2023-09-15T10:46:41","slug":"sample-page","status":"publish","type":"page","link":"https:\/\/www.sixfingerjack.com\/?page_id=2","title":{"rendered":"Wir sind Six Finger Jack!"},"content":{"rendered":"\n<figure class=\"wp-block-image\"><img decoding=\"async\" width=\"1024\" height=\"683\" src=\"https:\/\/www.sixfingerjack.com\/wp-content\/uploads\/2019\/10\/SFJ-0-1024x683.jpg\" alt=\"\" class=\"wp-image-232\" srcset=\"https:\/\/www.sixfingerjack.com\/wp-content\/uploads\/2019\/10\/SFJ-0-1024x683.jpg 1024w, https:\/\/www.sixfingerjack.com\/wp-content\/uploads\/2019\/10\/SFJ-0-300x200.jpg 300w, https:\/\/www.sixfingerjack.com\/wp-content\/uploads\/2019\/10\/SFJ-0-768x512.jpg 768w\" sizes=\"(max-width: 1024px) 100vw, 1024px\" \/><\/figure>\n\n\n<p><span style=\"color: #999999;\">v.l.n.r.<\/span><br><span style=\"color: #999999;\">\/\/ bass, b-voc = Joey B. Rider<\/span><br><span style=\"color: #999999;\">\/\/ drums = Lumber J. Woodpecker<\/span><br><span style=\"color: #999999;\">\/\/ voc = Cpt. O. Whacky<\/span><br><span style=\"color: #999999;\">\/\/ git, b-voc = Andrew J. Ca$h<\/span><\/p>\n<p><span style=\"color: #ffffff;\"><strong>Six Fing\u00ebr Jack \u2013 A weird scarecrow and its crew!<\/strong><\/span><\/p>\n<p><span style=\"color: #ffffff;\">Joe Stick tr\u00e4umt von den guten alten Party-Hard-Zeiten und findet sich ganz alleine auf Jacks Island wieder. Pl\u00f6tzlich bemerkt er in der Ferne ungew\u00f6hnliche Rauchzeichen. Was mag das sein? Begleitet Joe auf seine Reise quer \u00fcber die Insel. Denn am Ende hei\u00dft es: Jack is back!!! Mehr als vier Jahre war es still um Jacks Island. Kein Laut war mehr von der Partyinsel zu vernehmen, nachdem die Band 2015 ihr bis dato letztes Konzert gab. Nun aber wurde die sechsfingrige Vogelscheuche erneut zum Leben erweckt, um die Summergirls wieder tanzen zu lassen und mit dem Party-Flo\u00df abzulegen, um darauf die geilste Rock-Party des Planeten zu zelebrieren und den PARTY-HARD-ROCK hinaus in die Welt zu katapultieren!<\/span><\/p>\n<p><span style=\"color: #ffffff;\"><strong>Aus den Geschichtsb\u00fcchern:&nbsp;<\/strong><\/span><\/p>\n<p><span style=\"color: #ffffff;\">Vier Typen und eine 6-fingrige Vogelscheuche.<\/span><\/p>\n<p><span style=\"color: #ffffff;\">Sie ist riesig. Sie nennt sich Jack. Der Plan: Den unaufhaltsamen Weltuntergang mit dem schnellsten, h\u00e4rtestem und geilstem Rock des Universums zu beschleunigen um danach alles kopf\u00fcber wieder auf zu bauen! Klingt irre? Richtig!<\/span><\/p>\n<p><span style=\"color: #ffffff;\">Warum? Ein Knacki, ein Banker, ein Cowboy und ein bayrischer Holzf\u00e4ller stranden auf einer Insel\u2026 Nach Tagen des Hungers und des Durstes erschaffen sie eine Vogelscheuche. In ihrem Wahn beginnt diese zu sprechen\u2026 und der Befehl ist eindeutig:<\/span><br><span style=\"color: #ffffff;\">Rock!<\/span><br><span style=\"color: #ffffff;\">Hard!<\/span><\/p>\n<p><span style=\"color: #ffffff;\">Keine Zeit verlieren! Jetzt wird eine rotzige, fette, Head-Bang-Pogo-Party Show aufgefahren, dass die M\u00e4dels durchdrehen und die K\u00f6pfe platzen.<\/span><br><span style=\"color: #ffffff;\">Das wohl beh\u00fctete Baumhaus der Kleinb\u00fcrger-Normalit\u00e4t wird abgerissen und zum Party-Piraten-Flo\u00df gemacht, das jede Flut der Langeweile \u00fcbersteht.<\/span><\/p>\n<p><span style=\"color: #ffffff;\">Jack is back \u2013 and you get wet!<\/span><\/p>\n\n\n<blockquote class=\"wp-block-quote is-layout-flow wp-block-quote-is-layout-flow\">\n<p> \u201cMusikalisch wird eing\u00e4ngiger Gute-Laune-Rock gespielt, der dem Schlager-Techno-Pop-Sumpf dieses Segments rockend gegen\u00fcbertritt. \u201d<\/p>\n<cite> <strong>powermetal.de (7.0 von 10) <\/strong> <\/cite><\/blockquote>\n\n\n\n<blockquote class=\"wp-block-quote is-layout-flow wp-block-quote-is-layout-flow\">\n<p>  \u201cZwar haben sich die Vier erst im letzten Jahr zusammengetan, um fortan unter dem Banner SIX FINGER JACK loszulegen, an Routine scheint es dem Quartett jedoch nicht zu mangeln. [\u2026] Die ein wenig irisch anmutenden Untert\u00f6ne passen gut und lassen mich an eine (feucht)fr\u00f6hliche Jam-Session von THIN LIZZY und HARDCORE SUPERSTAR denken, zu der sich gegen Ende hin auch noch POISON hinzugesellt haben [\u2026] auch wenn auf Grund der Rock\u2019n\u2019Roll-Schlagseite durchaus auch Freunde von VOLBEAT auf den Plan gerufen werden k\u00f6nnten.\u201d<\/p>\n<cite> <strong>metal.de (6 von 10) <\/strong> <\/cite><\/blockquote>\n","protected":false},"excerpt":{"rendered":"<p>v.l.n.r.\/\/ bass, b-voc = Joey B. Rider\/\/ drums = Lumber J. Woodpecker\/\/ voc = Cpt. O. Whacky\/\/ git, b-voc = Andrew J. Ca$h Six Fing\u00ebr Jack \u2013 A weird scarecrow<\/p>\n<p class=\"more-link\"><a href=\"https:\/\/www.sixfingerjack.com\/?page_id=2\" class=\"readmore\">mehr&#8230;<span class=\"screen-reader-text\">Wir sind Six Finger Jack!<\/span><\/a><\/p>\n","protected":false},"author":1,"featured_media":315,"parent":0,"menu_order":0,"comment_status":"closed","ping_status":"open","template":"","meta":{"ngg_post_thumbnail":0,"footnotes":""},"class_list":["post-2","page","type-page","status-publish","has-post-thumbnail","hentry"],"_links":{"self":[{"href":"https:\/\/www.sixfingerjack.com\/index.php?rest_route=\/wp\/v2\/pages\/2","targetHints":{"allow":["GET"]}}],"collection":[{"href":"https:\/\/www.sixfingerjack.com\/index.php?rest_route=\/wp\/v2\/pages"}],"about":[{"href":"https:\/\/www.sixfingerjack.com\/index.php?rest_route=\/wp\/v2\/types\/page"}],"author":[{"embeddable":true,"href":"https:\/\/www.sixfingerjack.com\/index.php?rest_route=\/wp\/v2\/users\/1"}],"replies":[{"embeddable":true,"href":"https:\/\/www.sixfingerjack.com\/index.php?rest_route=%2Fwp%2Fv2%2Fcomments&post=2"}],"version-history":[{"count":11,"href":"https:\/\/www.sixfingerjack.com\/index.php?rest_route=\/wp\/v2\/pages\/2\/revisions"}],"predecessor-version":[{"id":357,"href":"https:\/\/www.sixfingerjack.com\/index.php?rest_route=\/wp\/v2\/pages\/2\/revisions\/357"}],"wp:featuredmedia":[{"embeddable":true,"href":"https:\/\/www.sixfingerjack.com\/index.php?rest_route=\/wp\/v2\/media\/315"}],"wp:attachment":[{"href":"https:\/\/www.sixfingerjack.com\/index.php?rest_route=%2Fwp%2Fv2%2Fmedia&parent=2"}],"curies":[{"name":"wp","href":"https:\/\/api.w.org\/{rel}","templated":true}]}}